{"id":383,"date":"2022-09-11T17:20:54","date_gmt":"2022-09-11T15:20:54","guid":{"rendered":"https:\/\/www.schachclub-kirchheim.de\/?page_id=383"},"modified":"2022-10-08T19:14:59","modified_gmt":"2022-10-08T17:14:59","slug":"sfn-freischach","status":"publish","type":"page","link":"https:\/\/www.schachclub-kirchheim.de\/index.php\/sfn-freischach\/","title":{"rendered":"SFN Freischach"},"content":{"rendered":"\n<h4 class=\"wp-block-heading\">Die Freischachmeister:<\/h4>\n\n\n\n<figure class=\"wp-block-table\"><table><tbody><tr><td><strong>Jahr:<\/strong><\/td><td><strong>Name:<\/strong><\/td><\/tr><tr><td>2020<\/td><td>&nbsp;Ilzh\u00f6fer, Karl-Heinz<\/td><\/tr><tr><td>2019<\/td><td>&nbsp;Tran, Minh-Cuong<\/td><\/tr><tr><td>2018<\/td><td>&nbsp;Ilzh\u00f6fer, Karl-Heinz<\/td><\/tr><tr><td>2017<\/td><td>&nbsp;Stiefelmeyer, Michael<\/td><\/tr><tr><td>2016<\/td><td>&nbsp;Ilzh\u00f6fer, Karl-Heinz<\/td><\/tr><tr><td>2015<\/td><td>&nbsp;Kneile, Erich<\/td><\/tr><tr><td>2014<\/td><td>&nbsp;Tran, Minh-Cuong<\/td><\/tr><tr><td>2013<\/td><td>&nbsp;Tran, Minh-Cuong<\/td><\/tr><tr><td>2012<\/td><td>&nbsp;Ilzh\u00f6fer, Karl-Heinz<\/td><\/tr><tr><td>2011<\/td><td>&nbsp;Schulz, Dietmar<\/td><\/tr><tr><td>2010<\/td><td>&nbsp;Vogel, Martin<\/td><\/tr><tr><td>2009<\/td><td>&nbsp;Braun, Georg<\/td><\/tr><tr><td>2008<\/td><td>&nbsp;Keller, Alfred<\/td><\/tr><tr><td>2007<\/td><td>&nbsp;Braun, Georg<\/td><\/tr><tr><td>2006<\/td><td>&nbsp;<em>entfiel<\/em><\/td><\/tr><tr><td>2005<\/td><td><\/td><\/tr><tr><td>2004<\/td><td><\/td><\/tr><tr><td>2003<\/td><td>&nbsp;Tran, Minh-Cuong<\/td><\/tr><tr><td>2002<\/td><td><\/td><\/tr><tr><td>2001<\/td><td>&nbsp;Tran, Minh-Cuong<\/td><\/tr><tr><td>2000<\/td><td>&nbsp;Schulz, Dietmar<\/td><\/tr><tr><td>1999<\/td><td>&nbsp;Schulz, Dietmar<\/td><\/tr><tr><td>1998<\/td><td>&nbsp;Schwarz, Arnd<\/td><\/tr><tr><td>1997<\/td><td><\/td><\/tr><tr><td>1996<\/td><td><\/td><\/tr><tr><td>1995<\/td><td>&nbsp;Vogel, Martin<\/td><\/tr><tr><td>1994<\/td><td>&nbsp;Vogel, Martin<\/td><\/tr><tr><td>1993<\/td><td>&nbsp;Schulz, Dietmar<\/td><\/tr><tr><td>1992<\/td><td>&nbsp;Schilpp, Roland<\/td><\/tr><tr><td>1991<\/td><td>&nbsp;Vogel , Martin<\/td><\/tr><\/tbody><\/table><\/figure>\n","protected":false},"excerpt":{"rendered":"<p>Die Freischachmeister: Jahr: Name: 2020 &nbsp;Ilzh\u00f6fer, Karl-Heinz 2019 &nbsp;Tran, Minh-Cuong 2018 &nbsp;Ilzh\u00f6fer, Karl-Heinz 2017 &nbsp;Stiefelmeyer, Michael 2016 &nbsp;Ilzh\u00f6fer, Karl-Heinz 2015 &nbsp;Kneile, Erich 2014 &nbsp;Tran, Minh-Cuong 2013 &nbsp;Tran, Minh-Cuong 2012 &nbsp;Ilzh\u00f6fer, Karl-Heinz 2011 &nbsp;Schulz, Dietmar 2010 &nbsp;Vogel, Martin 2009 &nbsp;Braun, Georg 2008 &nbsp;Keller, Alfred 2007 &nbsp;Braun, Georg 2006 &nbsp;entfiel 2005 2004 2003 &nbsp;Tran, Minh-Cuong 2002 2001 &hellip; <\/p>\n<p class=\"link-more\"><a href=\"https:\/\/www.schachclub-kirchheim.de\/index.php\/sfn-freischach\/\" class=\"more-link\"><span class=\"screen-reader-text\">\u201eSFN Freischach\u201c <\/span>weiterlesen<\/a><\/p>\n","protected":false},"author":17,"featured_media":0,"parent":0,"menu_order":0,"comment_status":"closed","ping_status":"closed","template":"","meta":{"footnotes":""},"class_list":["post-383","page","type-page","status-publish","hentry","entry"],"_links":{"self":[{"href":"https:\/\/www.schachclub-kirchheim.de\/index.php\/wp-json\/wp\/v2\/pages\/383","targetHints":{"allow":["GET"]}}],"collection":[{"href":"https:\/\/www.schachclub-kirchheim.de\/index.php\/wp-json\/wp\/v2\/pages"}],"about":[{"href":"https:\/\/www.schachclub-kirchheim.de\/index.php\/wp-json\/wp\/v2\/types\/page"}],"author":[{"embeddable":true,"href":"https:\/\/www.schachclub-kirchheim.de\/index.php\/wp-json\/wp\/v2\/users\/17"}],"replies":[{"embeddable":true,"href":"https:\/\/www.schachclub-kirchheim.de\/index.php\/wp-json\/wp\/v2\/comments?post=383"}],"version-history":[{"count":0,"href":"https:\/\/www.schachclub-kirchheim.de\/index.php\/wp-json\/wp\/v2\/pages\/383\/revisions"}],"wp:attachment":[{"href":"https:\/\/www.schachclub-kirchheim.de\/index.php\/wp-json\/wp\/v2\/media?parent=383"}],"curies":[{"name":"wp","href":"https:\/\/api.w.org\/{rel}","templated":true}]}}