{"id":386,"date":"2022-09-11T17:21:42","date_gmt":"2022-09-11T15:21:42","guid":{"rendered":"https:\/\/www.schachclub-kirchheim.de\/?page_id=386"},"modified":"2022-10-08T19:13:11","modified_gmt":"2022-10-08T17:13:11","slug":"blitzschach","status":"publish","type":"page","link":"https:\/\/www.schachclub-kirchheim.de\/index.php\/blitzschach\/","title":{"rendered":"SFN Blitzschach"},"content":{"rendered":"\n<h4 class=\"wp-block-heading\">Die Blitzschachmeister:<\/h4>\n\n\n\n<figure class=\"wp-block-table\"><table><tbody><tr><td><strong>Jahr:<\/strong><\/td><td><strong>des&nbsp;Gottlob-Keller-Turniers:<\/strong><\/td><td><strong>des&nbsp;Weihnachts-Turniers:<\/strong><\/td><\/tr><tr><td>2020<\/td><td>Schwarz, Arnd<\/td><td><em>entfiel<\/em><\/td><\/tr><tr><td>2019<\/td><td>&nbsp;Stiefelmeyer, Michael<\/td><td>&nbsp;Vogel, Martin<\/td><\/tr><tr><td>2018<\/td><td>&nbsp;Ilzh\u00f6fer, Karl-Heinz<\/td><td>&nbsp;Vogel, Martin<\/td><\/tr><tr><td>2017<\/td><td>&nbsp;Vogel, Martin<\/td><td>&nbsp;Ilzh\u00f6fer, Karl-Heinz<\/td><\/tr><tr><td>2016<\/td><td>&nbsp;Vogel,&nbsp;Martin<\/td><td>&nbsp;K\u00f6hler, Thomas<\/td><\/tr><tr><td>2015<\/td><td>&nbsp;Vogel,&nbsp;Martin<\/td><td>&nbsp;Vogel,&nbsp;Martin<\/td><\/tr><tr><td>2014<\/td><td>&nbsp;Vogel,&nbsp;Martin<\/td><td>&nbsp;Vogel,&nbsp;Martin<\/td><\/tr><tr><td>2013<\/td><td><\/td><td>&nbsp;Vogel,&nbsp;Martin<\/td><\/tr><tr><td>2012<\/td><td>&nbsp;Vogel,&nbsp;Martin<\/td><td>&nbsp;Vogel,&nbsp;Martin<\/td><\/tr><tr><td>2011<\/td><td>&nbsp;Vogel,&nbsp;Martin<\/td><td>&nbsp;Vogel,&nbsp;Martin<\/td><\/tr><tr><td>2010<\/td><td>&nbsp;Moll, Karl<\/td><td>&nbsp;Vogel,&nbsp;Martin<\/td><\/tr><tr><td>2009<\/td><td>&nbsp;Braun,&nbsp;Georg<\/td><td>&nbsp;Braun,&nbsp;Georg<\/td><\/tr><tr><td>2008<\/td><td>&nbsp;Braun,&nbsp;Georg<\/td><td>&nbsp;Schulz,&nbsp;Dietmar<\/td><\/tr><tr><td>2007<\/td><td>&nbsp;Moll, Karl<\/td><td>&nbsp;Falow,&nbsp;Horst<\/td><\/tr><tr><td>2006<\/td><td><\/td><td>&nbsp;Moll, Karl<\/td><\/tr><tr><td>2005<\/td><td><\/td><td><\/td><\/tr><tr><td>2004<\/td><td><\/td><td><\/td><\/tr><tr><td>2003<\/td><td>&nbsp;Keller, G\u00fcnter<\/td><td><\/td><\/tr><tr><td>2002<\/td><td>&nbsp;Schulz,&nbsp;Dietmar<\/td><td><\/td><\/tr><tr><td>2001<\/td><td>&nbsp;Vogel,&nbsp;Martin<\/td><td><\/td><\/tr><tr><td>2000<\/td><td>&nbsp;Moll,&nbsp;Karl<\/td><td><\/td><\/tr><tr><td>1999<\/td><td>&nbsp;Moll,&nbsp;Karl<\/td><td><\/td><\/tr><tr><td>1998<\/td><td>&nbsp;Schwarz, Arnd<\/td><td><\/td><\/tr><tr><td>1997<\/td><td>&nbsp;Vogel,&nbsp;Martin<\/td><td><\/td><\/tr><tr><td>1996<\/td><td>&nbsp;Vogel,&nbsp;Martin<\/td><td><\/td><\/tr><tr><td>1995<\/td><td>&nbsp;Keller, G\u00fcnter<\/td><td><\/td><\/tr><tr><td>1994<\/td><td>&nbsp;Vogel,&nbsp;Martin<\/td><td><\/td><\/tr><tr><td>1993<\/td><td>&nbsp;Schilpp, Roland<\/td><td><\/td><\/tr><tr><td>1992<\/td><td>&nbsp;Vogel, Martin<\/td><td><\/td><\/tr><tr><td>1991<\/td><td>&nbsp;Schulz,&nbsp;Dietmar<\/td><td><\/td><\/tr><tr><td>1990<\/td><td>&nbsp;Dr. Schweizer, Rainer<\/td><td><\/td><\/tr><tr><td>1989<\/td><td>&nbsp;Moll, Karl<\/td><td><\/td><\/tr><tr><td>1988<\/td><td>&nbsp;Moll, Karl<\/td><td><\/td><\/tr><tr><td>1987<\/td><td>&nbsp;Benk, Jochem<\/td><td><\/td><\/tr><tr><td>1986<\/td><td>&nbsp;Keller, G\u00fcnter<\/td><td><\/td><\/tr><tr><td>1985<\/td><td>&nbsp;Keller, G\u00fcnter<\/td><td><\/td><\/tr><\/tbody><\/table><\/figure>\n","protected":false},"excerpt":{"rendered":"<p>Die Blitzschachmeister: Jahr: des&nbsp;Gottlob-Keller-Turniers: des&nbsp;Weihnachts-Turniers: 2020 Schwarz, Arnd entfiel 2019 &nbsp;Stiefelmeyer, Michael &nbsp;Vogel, Martin 2018 &nbsp;Ilzh\u00f6fer, Karl-Heinz &nbsp;Vogel, Martin 2017 &nbsp;Vogel, Martin &nbsp;Ilzh\u00f6fer, Karl-Heinz 2016 &nbsp;Vogel,&nbsp;Martin &nbsp;K\u00f6hler, Thomas 2015 &nbsp;Vogel,&nbsp;Martin &nbsp;Vogel,&nbsp;Martin 2014 &nbsp;Vogel,&nbsp;Martin &nbsp;Vogel,&nbsp;Martin 2013 &nbsp;Vogel,&nbsp;Martin 2012 &nbsp;Vogel,&nbsp;Martin &nbsp;Vogel,&nbsp;Martin 2011 &nbsp;Vogel,&nbsp;Martin &nbsp;Vogel,&nbsp;Martin 2010 &nbsp;Moll, Karl &nbsp;Vogel,&nbsp;Martin 2009 &nbsp;Braun,&nbsp;Georg &nbsp;Braun,&nbsp;Georg 2008 &nbsp;Braun,&nbsp;Georg &nbsp;Schulz,&nbsp;Dietmar 2007 &nbsp;Moll, Karl &hellip; <\/p>\n<p class=\"link-more\"><a href=\"https:\/\/www.schachclub-kirchheim.de\/index.php\/blitzschach\/\" class=\"more-link\"><span class=\"screen-reader-text\">\u201eSFN Blitzschach\u201c <\/span>weiterlesen<\/a><\/p>\n","protected":false},"author":17,"featured_media":0,"parent":0,"menu_order":0,"comment_status":"closed","ping_status":"closed","template":"","meta":{"footnotes":""},"class_list":["post-386","page","type-page","status-publish","hentry","entry"],"_links":{"self":[{"href":"https:\/\/www.schachclub-kirchheim.de\/index.php\/wp-json\/wp\/v2\/pages\/386","targetHints":{"allow":["GET"]}}],"collection":[{"href":"https:\/\/www.schachclub-kirchheim.de\/index.php\/wp-json\/wp\/v2\/pages"}],"about":[{"href":"https:\/\/www.schachclub-kirchheim.de\/index.php\/wp-json\/wp\/v2\/types\/page"}],"author":[{"embeddable":true,"href":"https:\/\/www.schachclub-kirchheim.de\/index.php\/wp-json\/wp\/v2\/users\/17"}],"replies":[{"embeddable":true,"href":"https:\/\/www.schachclub-kirchheim.de\/index.php\/wp-json\/wp\/v2\/comments?post=386"}],"version-history":[{"count":0,"href":"https:\/\/www.schachclub-kirchheim.de\/index.php\/wp-json\/wp\/v2\/pages\/386\/revisions"}],"wp:attachment":[{"href":"https:\/\/www.schachclub-kirchheim.de\/index.php\/wp-json\/wp\/v2\/media?parent=386"}],"curies":[{"name":"wp","href":"https:\/\/api.w.org\/{rel}","templated":true}]}}