{"id":652,"date":"2011-08-03T10:46:00","date_gmt":"2011-08-03T08:46:00","guid":{"rendered":"https:\/\/www.schachclub-kirchheim.de\/?page_id=652"},"modified":"2022-10-22T10:46:36","modified_gmt":"2022-10-22T08:46:36","slug":"chronik","status":"publish","type":"page","link":"https:\/\/www.schachclub-kirchheim.de\/index.php\/chronik\/","title":{"rendered":"Chronik"},"content":{"rendered":"\n<h3 class=\"wp-block-heading\">anno 1467 &#8211;&nbsp;erstes Schachturnier in Deutschland<\/h3>\n\n\n\n<p>Im N\u00f6rdlinger Stadtarchiv findet sich ein einzigartiges historisches Dokument: das Einladungsschreiben der Gesellschaft des Schachzabelspiels zu Heidelberg an die Freunde des k\u00f6niglichen Spiels in N\u00f6rdlingen. Darin bitten die Heidelberger mit freundlichem Ernst, Ihr wollet denjenigen in Eurer Stadt, sie seien edel oder unedel, die Schachzabelspiel und gute Gesellschaft pflegen und \u00fcben wollen,\u2026 zu wissen tun, dass sie sich hier gegen Heidelberg verf\u00fcgen, auf den n\u00e4chsten St. Matth\u00e4ustag, um auf den anderen Tag eins zu werden, wie es mit dem Ziehen gehalten werden soll.<\/p>\n\n\n\n<p>Als sich 504 Jahre sp\u00e4ter, am 28. November 1971, die Naberner Erste zum ersten Punktspiel als Schachfreunde auf den Weg nach Neckartenzlingen machte, gab es keine umst\u00e4ndlichen Verhandlungen, wie es mit dem Ziehen gehalten werden soll, und man konnte sich sofort an das Brett setzen. Dagegen galten 1467 in verschiedenen Landesteilen durchaus noch unterschiedliche Regeln. So war es in besonders frommen Gegenden nur dann erlaubt, einen Bauern in eine Dame zu verwandeln, wenn der Spieler keine andere Dame auf dem Brett hatte. Begr\u00fcndung: Der K\u00f6nig darf nicht zwei Damen haben.<\/p>\n\n\n\n<p>Aus dem Einladungsschreiben geht weiter hervor, dass Preisgeld und der Schutz in der damaligen Zeit eine gro\u00dfe Rolle spielten: Wir tun Euch zu wissen, dass wir vom durchlauchtigen, hochgeborenen F\u00fcrsten und Herren: Friedrich Pfalzgrafen bei Rhein, Herzog in Bayern, des heiligen r\u00f6mischen Reiches Erztruchse\u00df und Kurf\u00fcrst, unserem gn\u00e4digen, lieben Herrn, erworben haben eine Gesellschaft und ein Schachzabelspiel vorzunehmen und darin mit seinen Gnaden mit Euch und anderen guten Freunden und Gesellen zu \u00fcben. Dieser Kurf\u00fcrst Friedrich von der Pfalz, der offenbar selbst am Wettkampf teilnehmen wollte, stiftete ein Preisgeld von 22 Gulden und versprach, dass er denen, die also zu dem Schachzabelspiel kommen und um das Kleinod ziehen werden, Futter und Mahle die Zeit \u00fcber, die das Spiel w\u00e4hren wird, geben und auch allen denselben in seiner Gnaden Land sicheres Geleit in einem besonderen Brief zuschicken will.<\/p>\n\n\n\n<p>Im Jahre 1971 waren die Zeiten wesentlich ruhiger und der damalige Landesherr Hans Filbinger musste kein sicheres Geleit garantieren. Andererseits fehlte auch das ausgesetzte Kleinod von 22 Gulden, wovon die Naberner, die mit 7,5 zu 0,5 siegten, einen Gro\u00dfteil mit nach Hause h\u00e4tte nehmen k\u00f6nnen, Selbst Futter und Mahle musste selber mitgebracht werden.<\/p>\n\n\n\n<p>Wie der erste Schachkampf zwischen Heidelberg und N\u00f6rdlingen ausging, verschweigt die Chronik leider. Daf\u00fcr wissen wir aber, wer die ersten Punkte f\u00fcr die Schachfreunde als e.V. holte: Es waren die Spieler: Stromeyer, J\u00e4ger, Harbort, Moll, Eisenhuth, Schulz, Gegner und Gebers.<\/p>\n\n\n\n<p>Hans Martin Ruopp, 2004<\/p>\n","protected":false},"excerpt":{"rendered":"<p>anno 1467 &#8211;&nbsp;erstes Schachturnier in Deutschland Im N\u00f6rdlinger Stadtarchiv findet sich ein einzigartiges historisches Dokument: das Einladungsschreiben der Gesellschaft des Schachzabelspiels zu Heidelberg an die Freunde des k\u00f6niglichen Spiels in N\u00f6rdlingen. Darin bitten die Heidelberger mit freundlichem Ernst, Ihr wollet denjenigen in Eurer Stadt, sie seien edel oder unedel, die Schachzabelspiel und gute Gesellschaft pflegen &hellip; <\/p>\n<p class=\"link-more\"><a href=\"https:\/\/www.schachclub-kirchheim.de\/index.php\/chronik\/\" class=\"more-link\"><span class=\"screen-reader-text\">\u201eChronik\u201c <\/span>weiterlesen<\/a><\/p>\n","protected":false},"author":17,"featured_media":0,"parent":0,"menu_order":0,"comment_status":"closed","ping_status":"closed","template":"","meta":{"footnotes":""},"class_list":["post-652","page","type-page","status-publish","hentry","entry"],"_links":{"self":[{"href":"https:\/\/www.schachclub-kirchheim.de\/index.php\/wp-json\/wp\/v2\/pages\/652","targetHints":{"allow":["GET"]}}],"collection":[{"href":"https:\/\/www.schachclub-kirchheim.de\/index.php\/wp-json\/wp\/v2\/pages"}],"about":[{"href":"https:\/\/www.schachclub-kirchheim.de\/index.php\/wp-json\/wp\/v2\/types\/page"}],"author":[{"embeddable":true,"href":"https:\/\/www.schachclub-kirchheim.de\/index.php\/wp-json\/wp\/v2\/users\/17"}],"replies":[{"embeddable":true,"href":"https:\/\/www.schachclub-kirchheim.de\/index.php\/wp-json\/wp\/v2\/comments?post=652"}],"version-history":[{"count":0,"href":"https:\/\/www.schachclub-kirchheim.de\/index.php\/wp-json\/wp\/v2\/pages\/652\/revisions"}],"wp:attachment":[{"href":"https:\/\/www.schachclub-kirchheim.de\/index.php\/wp-json\/wp\/v2\/media?parent=652"}],"curies":[{"name":"wp","href":"https:\/\/api.w.org\/{rel}","templated":true}]}}