{"id":656,"date":"2018-09-09T10:47:00","date_gmt":"2018-09-09T08:47:00","guid":{"rendered":"https:\/\/www.schachclub-kirchheim.de\/?page_id=656"},"modified":"2022-10-22T10:48:23","modified_gmt":"2022-10-22T08:48:23","slug":"mannschaftsfuehrer","status":"publish","type":"page","link":"https:\/\/www.schachclub-kirchheim.de\/index.php\/mannschaftsfuehrer\/","title":{"rendered":"Mannschaftsf\u00fchrer"},"content":{"rendered":"\n<p>Die&nbsp;Mannschaftsf\u00fchrer seit Gr\u00fcndung des eigenst\u00e4ndigen und eingetragenen Schachvereins waren:<\/p>\n\n\n\n<figure class=\"wp-block-table\"><table><tbody><tr><td>&nbsp;Wahl<\/td><td><strong>1. Mannschaft<\/strong><\/td><td><strong>2. Mannschaft<\/strong><\/td><td><strong>3. Mannschaft<\/strong><\/td><td><strong>&nbsp;4. Mannschaft&nbsp;<\/strong><\/td><\/tr><tr><td>2019<\/td><td>M.Stiefelmeyer<\/td><td>H. P. Bastian<\/td><td>&nbsp;XXX<\/td><td>&nbsp;XXX<\/td><\/tr><tr><td>2018<\/td><td>M.Stiefelmeyer<\/td><td>B. Koch<\/td><td>&nbsp;XXX<\/td><td>&nbsp;XXX<\/td><\/tr><tr><td>2017<\/td><td>M.C. Tran<\/td><td>B. Koch<\/td><td>H.P. Bastian<\/td><td>K. Schott<\/td><\/tr><tr><td>2016<\/td><td>M.C. Tran<\/td><td>B. Koch<\/td><td>H. P. Bastian<\/td><td>&nbsp;XXX<\/td><\/tr><tr><td>2015<\/td><td>M.C. Tran<\/td><td>B. Koch<\/td><td>M. Stiefelmeyer<\/td><td>H. P. Bastian<\/td><\/tr><tr><td>2014<\/td><td>M.C. Tran<\/td><td>B. Koch<\/td><td>M. Stiefelmeyer<\/td><td>K. Schott<\/td><\/tr><tr><td>2013<\/td><td>M.C. Tran<\/td><td>B. Koch<\/td><td>&nbsp;XXX<\/td><td>&nbsp;XXX<\/td><\/tr><tr><td>2012<\/td><td>M.C. Tran<\/td><td>B. Koch<\/td><td>&nbsp;XXX<\/td><td>&nbsp;XXX<\/td><\/tr><tr><td>2011<\/td><td>M.C. Tran<\/td><td>B. Koch<\/td><td>&nbsp;XXX<\/td><td>&nbsp;XXX<\/td><\/tr><tr><td>2010<\/td><td>M.C. Tran<\/td><td>B. Koch<\/td><td>&nbsp;XXX<\/td><td>&nbsp;XXX<\/td><\/tr><tr><td>2009<\/td><td>M.C. Tran<\/td><td>C. Schutte<\/td><td>B. Koch<\/td><td>&nbsp;XXX<\/td><\/tr><tr><td>2008<\/td><td>M.C. Tran<\/td><td>W. Funk<\/td><td>B. Koch<\/td><td>&nbsp;XXX<\/td><\/tr><tr><td>2007<\/td><td>D. Schulz<\/td><td>K. J\u00e4ger<\/td><td>B. Koch<\/td><td>&nbsp;XXX<\/td><\/tr><tr><td>2006<\/td><td><em>D. Schulz&nbsp;<\/em><\/td><td><em>C. Schutte&nbsp;<\/em><\/td><td><em>B. Koch&nbsp;<\/em><\/td><td>&nbsp;XXX<\/td><\/tr><tr><td>2005<\/td><td>D. Schulz<\/td><td><em>C. Schutte&nbsp;<\/em><\/td><td>B. Koch<\/td><td>&nbsp;XXX<\/td><\/tr><tr><td>2004<\/td><td>D. Schulz<\/td><td>C. Schutte<\/td><td>N. M\u00fchleck<\/td><td>&nbsp;XXX<\/td><\/tr><tr><td>2003<\/td><td>D. Schulz<\/td><td>C. Schutte<\/td><td>N. M\u00fchleck<\/td><td>&nbsp;XXX<\/td><\/tr><tr><td>2002<\/td><td>D. Schulz<\/td><td>C. Schutte<\/td><td>N. M\u00fchleck<\/td><td>&nbsp;XXX<\/td><\/tr><tr><td>2001<\/td><td>D. Schulz<\/td><td>C. Schutte<\/td><td>N. M\u00fchleck<\/td><td>&nbsp;XXX<\/td><\/tr><tr><td>2000<\/td><td>M.C. Tran<\/td><td>C. Schutte<\/td><td>B. Koch<\/td><td>&nbsp;XXX<\/td><\/tr><tr><td>1999<\/td><td>D. Schulz<\/td><td>R. Schweizer<\/td><td>B. Koch<\/td><td>&nbsp;XXX<\/td><\/tr><tr><td>1998<\/td><td>D. Schulz<\/td><td>R. Schweizer<\/td><td>B. Koch<\/td><td>&nbsp;XXX<\/td><\/tr><tr><td>1997<\/td><td>D. Schulz<\/td><td>H.M. Ruopp<\/td><td>M. Eisenhuth<\/td><td>B. Koch<\/td><\/tr><tr><td>1996<\/td><td>D. Schulz<\/td><td>E. Kneile<\/td><td>B. Koch<\/td><td>T. K\u00f6hler<\/td><\/tr><tr><td>1995<\/td><td><em>D. Schulz&nbsp;<\/em><\/td><td><em>M. Eisenhuth&nbsp;<\/em><\/td><td><em>B. Koch<\/em><\/td><td><em>T. K\u00f6hler&nbsp;<\/em><\/td><\/tr><tr><td>1994<\/td><td>D. Schulz<\/td><td>M. Eisenhuth<\/td><td>B.&nbsp;Koch<\/td><td>&nbsp;XXX<\/td><\/tr><tr><td>1993<\/td><td>D. Schulz<\/td><td>M. Eisenhuth<\/td><td>B. Kneile<\/td><td>&nbsp;XXX<\/td><\/tr><tr><td>1992<\/td><td><em>D. Schulz<\/em><\/td><td><em>M. Eisenhuth<\/em><\/td><td><em>J. Fink<\/em><\/td><td>&nbsp;XXX<\/td><\/tr><tr><td>1991<\/td><td>G\u00fc. Keller<\/td><td>K. J\u00e4ger<\/td><td>T. K\u00f6hler<\/td><td>&nbsp;XXX<\/td><\/tr><tr><td>1990<\/td><td><em>D. Schulz<\/em><\/td><td><em>K. J\u00e4ger<\/em><\/td><td><em>H.W. Schutte<\/em><\/td><td>&nbsp;XXX<\/td><\/tr><tr><td>1989<\/td><td>K. Moll<\/td><td>M. Eisenhuth<\/td><td><em>B. Koch<\/em><\/td><td>&nbsp;XXX<\/td><\/tr><tr><td>1988<\/td><td>D. Schulz<\/td><td>M. Eisenhuth<\/td><td>J. Fink<\/td><td>B. Koch<\/td><\/tr><tr><td>1987<\/td><td>D. Schulz<\/td><td>R. Schweizer<\/td><td>J. Fink<\/td><td>B. Koch<\/td><\/tr><tr><td>1986<\/td><td>D. Schulz<\/td><td>R. Schweizer<\/td><td>D. Kessler<\/td><td>B. Koch<\/td><\/tr><tr><td>1985<\/td><td>D. Schulz<\/td><td>K. J\u00e4ger<\/td><td>D. Kessler<\/td><td>&nbsp;XXX<\/td><\/tr><tr><td>1984<\/td><td><em>D. Schulz<\/em><\/td><td><em>E. Kneile<\/em><\/td><td><em>D. Kessler<\/em><\/td><td>&nbsp;XXX<\/td><\/tr><tr><td>1983<\/td><td>M. Eisenhuth<\/td><td>H. Bressmer<\/td><td>H.J. Kerl<\/td><td>&nbsp;XXX<\/td><\/tr><tr><td>1982<\/td><td>K. Moll<\/td><td>H. Bressmer<\/td><td><em>H.J. Kerl&nbsp;<\/em><\/td><td>&nbsp;XXX<\/td><\/tr><tr><td>1981<\/td><td>K. Moll<\/td><td>E. Kneile<\/td><td>H. Krebs<\/td><td>&nbsp;XXX<\/td><\/tr><tr><td>1980<\/td><td>R. Schweizer<\/td><td>E. Kneile<\/td><td>H.J. Kerl<\/td><td>&nbsp;XXX<\/td><\/tr><tr><td>1979<\/td><td>K. J\u00e4ger<\/td><td>E. Kneile<\/td><td>H.J. Kerl<\/td><td>&nbsp;XXX<\/td><\/tr><tr><td>1978<\/td><td><em>K. J\u00e4ger&nbsp;<\/em><\/td><td><em>G. G\u00fcnther<\/em><\/td><td><em>H. Bressmer<\/em><\/td><td>&nbsp;XXX<\/td><\/tr><tr><td>1977<\/td><td>K. J\u00e4ger<\/td><td>G. G\u00fcnther<\/td><td>J. Serr<\/td><td>&nbsp;XXX<\/td><\/tr><tr><td>1976<\/td><td>K. J\u00e4ger<\/td><td>G. G\u00fcnther<\/td><td>R. Schweizer<\/td><td>&nbsp;XXX<\/td><\/tr><tr><td>1975<\/td><td>K. J\u00e4ger<\/td><td>G. G\u00fcnther<\/td><td>R. Schweizer<\/td><td>&nbsp;XXX<\/td><\/tr><tr><td>1974<\/td><td>K. J\u00e4ger<\/td><td>G. G\u00fcnther<\/td><td>&#8230;&nbsp; Guddat<\/td><td>&nbsp;XXX<\/td><\/tr><tr><td>1973<\/td><td>K. Eisenhuth<\/td><td>G. G\u00fcnther<\/td><td>&nbsp;XXX<\/td><td>&nbsp;XXX<\/td><\/tr><tr><td>1972<\/td><td><em>K. Eisenhuth&nbsp;<\/em><\/td><td><em>G. G\u00fcnther&nbsp;<\/em><\/td><td>&nbsp;XXX<\/td><td>&nbsp;XXX<\/td><\/tr><tr><td><\/td><td><strong>1. Mannschaft<\/strong><\/td><td><strong>2. Mannschaft<\/strong><\/td><td><strong>3. Mannschaft<\/strong><\/td><td><strong>&nbsp;4. Mannschaft&nbsp;<\/strong><\/td><\/tr><\/tbody><\/table><\/figure>\n","protected":false},"excerpt":{"rendered":"<p>Die&nbsp;Mannschaftsf\u00fchrer seit Gr\u00fcndung des eigenst\u00e4ndigen und eingetragenen Schachvereins waren: &nbsp;Wahl 1. Mannschaft 2. Mannschaft 3. Mannschaft &nbsp;4. Mannschaft&nbsp; 2019 M.Stiefelmeyer H. P. Bastian &nbsp;XXX &nbsp;XXX 2018 M.Stiefelmeyer B. Koch &nbsp;XXX &nbsp;XXX 2017 M.C. Tran B. Koch H.P. Bastian K. Schott 2016 M.C. Tran B. Koch H. P. Bastian &nbsp;XXX 2015 M.C. Tran B. Koch M. &hellip; <\/p>\n<p class=\"link-more\"><a href=\"https:\/\/www.schachclub-kirchheim.de\/index.php\/mannschaftsfuehrer\/\" class=\"more-link\"><span class=\"screen-reader-text\">\u201eMannschaftsf\u00fchrer\u201c <\/span>weiterlesen<\/a><\/p>\n","protected":false},"author":17,"featured_media":0,"parent":0,"menu_order":0,"comment_status":"closed","ping_status":"closed","template":"","meta":{"footnotes":""},"class_list":["post-656","page","type-page","status-publish","hentry","entry"],"_links":{"self":[{"href":"https:\/\/www.schachclub-kirchheim.de\/index.php\/wp-json\/wp\/v2\/pages\/656","targetHints":{"allow":["GET"]}}],"collection":[{"href":"https:\/\/www.schachclub-kirchheim.de\/index.php\/wp-json\/wp\/v2\/pages"}],"about":[{"href":"https:\/\/www.schachclub-kirchheim.de\/index.php\/wp-json\/wp\/v2\/types\/page"}],"author":[{"embeddable":true,"href":"https:\/\/www.schachclub-kirchheim.de\/index.php\/wp-json\/wp\/v2\/users\/17"}],"replies":[{"embeddable":true,"href":"https:\/\/www.schachclub-kirchheim.de\/index.php\/wp-json\/wp\/v2\/comments?post=656"}],"version-history":[{"count":0,"href":"https:\/\/www.schachclub-kirchheim.de\/index.php\/wp-json\/wp\/v2\/pages\/656\/revisions"}],"wp:attachment":[{"href":"https:\/\/www.schachclub-kirchheim.de\/index.php\/wp-json\/wp\/v2\/media?parent=656"}],"curies":[{"name":"wp","href":"https:\/\/api.w.org\/{rel}","templated":true}]}}